{"id":5,"date":"2009-08-14T17:42:08","date_gmt":"2009-08-14T20:42:08","guid":{"rendered":"http:\/\/www.revistanyt.com.ar\/?page_id=3"},"modified":"2022-10-19T20:35:45","modified_gmt":"2022-10-19T20:35:45","slug":"institucional","status":"publish","type":"page","link":"https:\/\/revistanyt.com.ar\/online\/institucional\/","title":{"rendered":"\u00bfQui\u00e9nes somos?"},"content":{"rendered":"<h2 style=\"text-align: justify;\">Revista NyT<\/h2>\n<p style=\"text-align: justify;\">Naturaleza y Tecnolog\u00eda es una publicaci\u00f3n que\u00a0desde hace <strong>22 a\u00f1os<\/strong> se dedica a la actualidad de la ciencia y los avances tecnol\u00f3gicos desde una perspectiva sustentable. De ah\u00ed su nombre.<\/p>\n<p style=\"text-align: justify;\">Hasta el 2020 NyT se edit\u00f3 en <strong>formato papel,<\/strong> cuyos <strong>90 n\u00fameros bimestrales<\/strong> pueden consultarse en la secci\u00f3n <a href=\"https:\/\/revistanyt.com.ar\/online\/ediciones-anteriores\/\"><span style=\"color: #33cccc;\"><strong>EDICIONES IMPRESAS<\/strong> <\/span><\/a>. A partir de ah\u00ed, se convertir\u00eda en un <strong>portal digital de actualizaci\u00f3n diaria<\/strong>, donde la Ciencia, la Tecnolog\u00eda y el Desarrollo Sustentable contin\u00faan siendo los protagonistas.<\/p>\n<p style=\"text-align: justify;\">Su trayectoria de 22 a\u00f1os la hizo merecedora en febrero de 2021 de una <strong>Menci\u00f3n de Honor <\/strong>por parte del<strong> Senado de la Naci\u00f3n e<\/strong>n reconocimiento a su <strong>aporte en la comunicaci\u00f3n de la ciencia y la tecnolog\u00eda nacional.<\/strong><\/p>\n<p style=\"text-align: justify;\">La publicaci\u00f3n tambi\u00e9n ha sido distinguida con los siguientes galardones:<\/p>\n<ul style=\"text-align: justify;\">\n<li><strong>Primer Premio en Periodismo Cient\u00edfico por ADEPA (Asociaci\u00f3n De Periodismo Argentino), 2007.<\/strong><\/li>\n<li><strong>Declarada en 2003 de \u201cINTER\u00c9S LEGISLATIVO POR LA HONORABLE C\u00c1MARA DE DIPUTADOS DE LA NACI\u00d3N\u201d.<\/strong><\/li>\n<li><strong>Menci\u00f3n ADEPA en BIEN P\u00daBLICO 2006<\/strong><\/li>\n<li><strong>Segundo Premio en PERIODISMO CIENT\u00cdFICO 2006, ADEPA<\/strong><\/li>\n<\/ul>\n<p style=\"text-align: justify;\">NyT es fuente de consulta de empresarios, autoridades gubernamentales, miembros y representantes de prestigiosas instituciones, cient\u00edficos, profesionales y t\u00e9cnicos de distintas disciplinas, as\u00ed como tambi\u00e9n p\u00fablico general interesado por las tem\u00e1ticas que conforman su agenda habitual.<\/p>\n<p style=\"text-align: justify;\"><strong>Completan esta propuesta period\u00edstica la revista Energ\u00eda Nuclear HOY; el portal latinoamericano <a href=\"http:\/\/www.enula,org\"><span style=\"color: #33cccc;\">Enula.org<\/span><\/a>, primer medio regional especializado en la industria nuclear; y el portal y revista <a href=\"http:\/\/www.hidrogenoverdehoy.com.ar\"><span style=\"color: #33cccc;\">Hidr\u00f3geno Verde HOY<\/span><\/a>, pioneros en la comunicaci\u00f3n sobre hidr\u00f3geno verde a nivel nacional.<\/strong><\/p>\n<div class=\"half-column-right\" style=\"text-align: justify;\">\n<p><a href=\"https:\/\/revistanyt.com.ar\/online\/wp-content\/uploads\/2022\/10\/TIRA-DE-LOGOS.jpg\"><img loading=\"lazy\" class=\"alignnone size-full wp-image-8225\" src=\"https:\/\/revistanyt.com.ar\/online\/wp-content\/uploads\/2022\/10\/TIRA-DE-LOGOS.jpg\" alt=\"\" width=\"866\" height=\"131\" srcset=\"https:\/\/revistanyt.com.ar\/online\/wp-content\/uploads\/2022\/10\/TIRA-DE-LOGOS.jpg 866w, https:\/\/revistanyt.com.ar\/online\/wp-content\/uploads\/2022\/10\/TIRA-DE-LOGOS-300x45.jpg 300w, https:\/\/revistanyt.com.ar\/online\/wp-content\/uploads\/2022\/10\/TIRA-DE-LOGOS-768x116.jpg 768w\" sizes=\"(max-width: 866px) 100vw, 866px\" \/><\/a><\/p>\n<p><em><strong>Equipo NyT<\/strong><\/em><\/p>\n<\/div>\n<div>\n<p><strong>DIRECTOR:<\/strong> Arq. Roberto De Brito<\/p>\n<p><strong>EDITOR:<\/strong> Lic. Santiago De Brito<\/p>\n<p><strong>DIRECTORA EJECUTIVA: <\/strong>Lic. Daniela Bentivoglio<\/p>\n<p><strong>DIRECTORA CREATIVA Y ASISTENTE EDITORIAL:<\/strong> Nicolasa Lai<\/p>\n<p><strong>EQUIPO EDITORIAL:\u00a0<\/strong>Lic. Natalia Lovece, Lic. Mart\u00edn Casti\u00f1eiras, T\u00e9c. Juan Pablo P\u00e9rez, Lic. Mart\u00edn Bentivoglio<\/p>\n<p><strong>EQUIPO ADMINISTRATIVO:\u00a0<\/strong>Sebasti\u00e1n Garc\u00eda, Roberto Spano<\/p>\n<p><strong>DISE\u00d1O WEB:\u00a0<\/strong>London<\/p>\n<\/div>\n","protected":false},"excerpt":{"rendered":"<p>Revista NyT Naturaleza y Tecnolog\u00eda es una publicaci\u00f3n que\u00a0desde hace 22 a\u00f1os se dedica a la actualidad de la ciencia y los avances tecnol\u00f3gicos desde una perspectiva sustentable. De ah\u00ed su nombre. Hasta el 2020 NyT se edit\u00f3 en formato papel, cuyos 90 n\u00fameros bimestrales pueden consultarse en la secci\u00f3n EDICIONES IMPRESAS . A partir [&hellip;]<\/p>\n","protected":false},"author":1,"featured_media":0,"parent":0,"menu_order":0,"comment_status":"closed","ping_status":"closed","template":"","meta":[],"_links":{"self":[{"href":"https:\/\/revistanyt.com.ar\/online\/wp-json\/wp\/v2\/pages\/5"}],"collection":[{"href":"https:\/\/revistanyt.com.ar\/online\/wp-json\/wp\/v2\/pages"}],"about":[{"href":"https:\/\/revistanyt.com.ar\/online\/wp-json\/wp\/v2\/types\/page"}],"author":[{"embeddable":true,"href":"https:\/\/revistanyt.com.ar\/online\/wp-json\/wp\/v2\/users\/1"}],"replies":[{"embeddable":true,"href":"https:\/\/revistanyt.com.ar\/online\/wp-json\/wp\/v2\/comments?post=5"}],"version-history":[{"count":13,"href":"https:\/\/revistanyt.com.ar\/online\/wp-json\/wp\/v2\/pages\/5\/revisions"}],"predecessor-version":[{"id":8230,"href":"https:\/\/revistanyt.com.ar\/online\/wp-json\/wp\/v2\/pages\/5\/revisions\/8230"}],"wp:attachment":[{"href":"https:\/\/revistanyt.com.ar\/online\/wp-json\/wp\/v2\/media?parent=5"}],"curies":[{"name":"wp","href":"https:\/\/api.w.org\/{rel}","templated":true}]}}